{"id":4021,"date":"2021-07-28T18:45:00","date_gmt":"2021-07-28T16:45:00","guid":{"rendered":"https:\/\/www.fastorderr.com\/cesta-pitanja\/"},"modified":"2021-09-11T11:24:35","modified_gmt":"2021-09-11T09:24:35","slug":"cesta-pitanja","status":"publish","type":"page","link":"https:\/\/www.fastorderr.com\/hr\/cesta-pitanja\/","title":{"rendered":"\u010cesta pitanja"},"content":{"rendered":"\t\t<div data-elementor-type=\"wp-page\" data-elementor-id=\"4021\" class=\"elementor elementor-4021 elementor-3510\">\n\t\t\t\t\t\t<section class=\"elementor-section elementor-top-section elementor-element elementor-element-f1c2f26 elementor-section-full_width elementor-section-height-default elementor-section-height-default shadepro-adv-gradient-no shadepro-sticky-no\" data-id=\"f1c2f26\" data-element_type=\"section\" data-e-type=\"section\" data-settings=\"{&quot;shadepro_sticky&quot;:&quot;no&quot;}\">\n\t\t\t\t\t\t\t<div class=\"elementor-background-overlay\"><\/div>\n\t\t\t\t\t\t\t<div class=\"elementor-container elementor-column-gap-no\">\n\t\t\t\t\t<div class=\"elementor-column elementor-col-100 elementor-top-column elementor-element elementor-element-ceb10da\" data-id=\"ceb10da\" data-element_type=\"column\" data-e-type=\"column\">\n\t\t\t<div class=\"elementor-widget-wrap elementor-element-populated\">\n\t\t\t\t\t\t<div class=\"elementor-element elementor-element-6f94484 elementor-widget__width-auto elementor-absolute shadepro-sticky-no elementor-invisible elementor-widget elementor-widget-image\" data-id=\"6f94484\" data-element_type=\"widget\" data-e-type=\"widget\" data-settings=\"{&quot;_animation&quot;:&quot;fadeInLeft&quot;,&quot;_position&quot;:&quot;absolute&quot;,&quot;shadepro_sticky&quot;:&quot;no&quot;}\" data-widget_type=\"image.default\">\n\t\t\t\t<div class=\"elementor-widget-container\">\n\t\t\t\t\t\t\t\t\t\t\t\t\t\t\t<img decoding=\"async\" src=\"https:\/\/finestdevs.com\/demos\/wp\/shadepro\/wp-content\/uploads\/2020\/10\/l6-hero-shape1.png\" title=\"\" alt=\"\" loading=\"lazy\" \/>\t\t\t\t\t\t\t\t\t\t\t\t\t\t\t<\/div>\n\t\t\t\t<\/div>\n\t\t\t\t<div class=\"elementor-element elementor-element-055c0ad elementor-widget__width-auto elementor-absolute shadepro-sticky-no elementor-invisible elementor-widget elementor-widget-image\" data-id=\"055c0ad\" data-element_type=\"widget\" data-e-type=\"widget\" data-settings=\"{&quot;_animation&quot;:&quot;fadeInLeft&quot;,&quot;_animation_delay&quot;:400,&quot;_position&quot;:&quot;absolute&quot;,&quot;shadepro_sticky&quot;:&quot;no&quot;}\" data-widget_type=\"image.default\">\n\t\t\t\t<div class=\"elementor-widget-container\">\n\t\t\t\t\t\t\t\t\t\t\t\t\t\t\t<img decoding=\"async\" src=\"https:\/\/finestdevs.com\/demos\/wp\/shadepro\/wp-content\/uploads\/2020\/10\/l6-hero-shape2.png\" title=\"\" alt=\"\" loading=\"lazy\" \/>\t\t\t\t\t\t\t\t\t\t\t\t\t\t\t<\/div>\n\t\t\t\t<\/div>\n\t\t\t\t<div class=\"elementor-element elementor-element-2998ad1 elementor-widget__width-auto elementor-absolute shadepro-sticky-no elementor-invisible elementor-widget elementor-widget-image\" data-id=\"2998ad1\" data-element_type=\"widget\" data-e-type=\"widget\" data-settings=\"{&quot;_animation&quot;:&quot;fadeInLeft&quot;,&quot;_animation_delay&quot;:800,&quot;_position&quot;:&quot;absolute&quot;,&quot;shadepro_sticky&quot;:&quot;no&quot;}\" data-widget_type=\"image.default\">\n\t\t\t\t<div class=\"elementor-widget-container\">\n\t\t\t\t\t\t\t\t\t\t\t\t\t\t\t<img decoding=\"async\" src=\"https:\/\/finestdevs.com\/demos\/wp\/shadepro\/wp-content\/uploads\/2020\/10\/l6-hero-shape3.png\" title=\"\" alt=\"\" loading=\"lazy\" \/>\t\t\t\t\t\t\t\t\t\t\t\t\t\t\t<\/div>\n\t\t\t\t<\/div>\n\t\t\t\t<section class=\"elementor-section elementor-inner-section elementor-element elementor-element-c597b8e elementor-section-content-middle elementor-section-boxed elementor-section-height-default elementor-section-height-default shadepro-adv-gradient-no shadepro-sticky-no\" data-id=\"c597b8e\" data-element_type=\"section\" data-e-type=\"section\" data-settings=\"{&quot;shadepro_sticky&quot;:&quot;no&quot;}\">\n\t\t\t\t\t\t<div class=\"elementor-container elementor-column-gap-default\">\n\t\t\t\t\t<div class=\"elementor-column elementor-col-50 elementor-inner-column elementor-element elementor-element-f8781e8\" data-id=\"f8781e8\" data-element_type=\"column\" data-e-type=\"column\">\n\t\t\t<div class=\"elementor-widget-wrap elementor-element-populated\">\n\t\t\t\t\t\t<div class=\"elementor-element elementor-element-408d44f shadepro-sticky-no elementor-widget elementor-widget-ama-logo\" data-id=\"408d44f\" data-element_type=\"widget\" data-e-type=\"widget\" data-settings=\"{&quot;shadepro_sticky&quot;:&quot;no&quot;}\" data-widget_type=\"ama-logo.default\">\n\t\t\t\t<div class=\"elementor-widget-container\">\n\t\t\t\t\t        <div class=\"ama-site-logo content-align-left\">\n            <a href=\"https:\/\/www.fastorderr.com\/hr\/\" class=\"ama-site-logo-wrap\">\n                <span class='site-logo'><img decoding=\"async\" src=\"https:\/\/www.fastorderr.com\/wp-content\/uploads\/2021\/08\/fastorderr-logo.png\" alt=\"Fast Orderr\" class=\"navbar-brand__regular white-logo\"><\/span>            <\/a>\n\n        <\/div>\n\t\t\t\t<\/div>\n\t\t\t\t<\/div>\n\t\t\t\t\t<\/div>\n\t\t<\/div>\n\t\t\t\t<div class=\"elementor-column elementor-col-50 elementor-inner-column elementor-element elementor-element-ae75402\" data-id=\"ae75402\" data-element_type=\"column\" data-e-type=\"column\">\n\t\t\t<div class=\"elementor-widget-wrap elementor-element-populated\">\n\t\t\t\t\t\t<div class=\"elementor-element elementor-element-b19c672 elementor-widget__width-auto shadepro-sticky-no elementor-widget elementor-widget-shadepro-main-menu\" data-id=\"b19c672\" data-element_type=\"widget\" data-e-type=\"widget\" data-settings=\"{&quot;shadepro_sticky&quot;:&quot;no&quot;}\" data-widget_type=\"shadepro-main-menu.default\">\n\t\t\t\t<div class=\"elementor-widget-container\">\n\t\t\t\t\t        <div class=\"shadepro-main-menu-wrap navbar menu-align-start megamenu-width-container\">\n            <button class=\"navbar-toggler d-lg-none\" type=\"button\" data-toggle=\"navbarToggler\" aria-label=\"Toggle navigation\">\n                <span class=\"navbar-toggler-icon\"><\/span>\n            <\/button>\n            <!-- end of Nav toggler -->\n            <div class=\"navbar-inner\">\n                <div class=\"shadepro-mobile-menu\"><\/div>\n                <button class=\"navbar-toggler d-lg-none\" type=\"button\" data-toggle=\"navbarToggler\" aria-label=\"Toggle navigation\">\n                    <span class=\"navbar-toggler-icon\"><\/span>\n                <\/button>\n                <nav id=\"site-navigation\" class=\"main-navigation \">\n                    <div class=\"shadepro-menu-container\"><ul id=\"navbar-nav\" class=\"navbar-nav\"><li id=\"menu-item-4037\" class=\"menu-item menu-item-type-post_type menu-item-object-page menu-item-home menu-item-4037 \"><a href=\"https:\/\/www.fastorderr.com\/hr\/\">Naslovna<\/a><\/li>\n<li id=\"menu-item-4035\" class=\"menu-item menu-item-type-post_type menu-item-object-page menu-item-4035 \"><a href=\"https:\/\/www.fastorderr.com\/hr\/cesta-pitanja\/\">\u010cesta pitanja<\/a><\/li>\n<li id=\"menu-item-4036\" class=\"menu-item menu-item-type-post_type menu-item-object-page menu-item-4036 \"><a href=\"https:\/\/www.fastorderr.com\/hr\/kontakt\/\">Kontakt<\/a><\/li>\n<li id=\"menu-item-4041\" class=\"menu-item menu-item-type-gs_sim menu-item-object-gs_sim menu-item-4041 \"><button data-id=\"5\" data-post_id=\"4021\" data-form_style=\"\" data-allow_outside_click=\"\" data-width=\"640px\" data-popup_type=\"on_button_click\" class=\"wpb-pcf-form-fire wpb-pcf-btn-large wpb-pcf-btn wpb-pcf-btn-default\">Zaka\u017eite prezentaciju<\/button><\/li>\n<li id=\"menu-item-4184\" class=\"social-network menu-item menu-item-type-custom menu-item-object-custom menu-item-4184 \"><a target=\"_blank\" href=\"https:\/\/instagram.com\/fastorderr_croatia\" class=\"menu-image-title-hide menu-image-not-hovered\"><span class=\"menu-image-title-hide menu-image-title\">Instagram<\/span><img decoding=\"async\" width=\"1\" height=\"1\" src=\"https:\/\/www.fastorderr.com\/wp-content\/uploads\/2023\/07\/instagram-icon.svg\" class=\"menu-image menu-image-title-hide\" alt=\"\" \/><\/a><\/li>\n<li id=\"menu-item-4185\" class=\"social-network menu-item menu-item-type-custom menu-item-object-custom menu-item-4185 \"><a target=\"_blank\" href=\"https:\/\/www.facebook.com\/profile.php?id=100077628687999\" class=\"menu-image-title-hide menu-image-not-hovered\"><span class=\"menu-image-title-hide menu-image-title\">Facebook<\/span><img decoding=\"async\" width=\"1\" height=\"1\" src=\"https:\/\/www.fastorderr.com\/wp-content\/uploads\/2023\/07\/facebook-icon.svg\" class=\"menu-image menu-image-title-hide\" alt=\"\" \/><\/a><\/li>\n<li id=\"menu-item-wpml-ls-16-hr\" class=\"menu-item wpml-ls-slot-16 wpml-ls-item wpml-ls-item-hr wpml-ls-current-language wpml-ls-menu-item wpml-ls-first-item menu-item-type-wpml_ls_menu_item menu-item-object-wpml_ls_menu_item menu-item-has-children menu-item-wpml-ls-16-hr \"><a href=\"https:\/\/www.fastorderr.com\/hr\/\" aria-current=\"page\" aria-expanded=\"false\" aria-controls=\"wpml-ls-submenu-wpml-ls-16-hr\"><img decoding=\"async\"\n            class=\"wpml-ls-flag\"\n            src=\"https:\/\/www.fastorderr.com\/wp-content\/plugins\/sitepress-multilingual-cms\/res\/flags\/hr.png\"\n            alt=\"\"\n            loading=\"lazy\"\n            \n            \n    \/><span class=\"wpml-ls-native\" lang=\"hr\">Hrvatski<\/span><\/a>\n<ul class=\"sub-menu\">\n\t<li id=\"menu-item-wpml-ls-16-en\" class=\"menu-item wpml-ls-slot-16 wpml-ls-item wpml-ls-item-en wpml-ls-menu-item menu-item-type-wpml_ls_menu_item menu-item-object-wpml_ls_menu_item menu-item-wpml-ls-16-en \"><a href=\"https:\/\/www.fastorderr.com\/en\/\" title=\"Switch to English\" aria-label=\"Switch to English\"><img decoding=\"async\"\n            class=\"wpml-ls-flag\"\n            src=\"https:\/\/www.fastorderr.com\/wp-content\/plugins\/sitepress-multilingual-cms\/res\/flags\/en.png\"\n            alt=\"\"\n            loading=\"lazy\"\n            \n            \n    \/><span class=\"wpml-ls-native\" lang=\"en\">English<\/span><\/a><\/li>\n\t<li id=\"menu-item-wpml-ls-16-sr\" class=\"menu-item wpml-ls-slot-16 wpml-ls-item wpml-ls-item-sr wpml-ls-menu-item wpml-ls-last-item menu-item-type-wpml_ls_menu_item menu-item-object-wpml_ls_menu_item menu-item-wpml-ls-16-sr \"><a href=\"https:\/\/www.fastorderr.com\/\" title=\"Switch to Srpski\" aria-label=\"Switch to Srpski\"><img decoding=\"async\"\n            class=\"wpml-ls-flag\"\n            src=\"https:\/\/www.fastorderr.com\/wp-content\/plugins\/sitepress-multilingual-cms\/res\/flags\/sr.png\"\n            alt=\"\"\n            loading=\"lazy\"\n            \n            \n    \/><span class=\"wpml-ls-native\" lang=\"sr\">Srpski<\/span><\/a><\/li>\n<\/ul>\n<\/li>\n<\/ul><\/div>                <\/nav><!-- #site-navigation -->\n            <\/div>\n        <\/div>\n\t\t\t\t<\/div>\n\t\t\t\t<\/div>\n\t\t\t\t\t<\/div>\n\t\t<\/div>\n\t\t\t\t\t<\/div>\n\t\t<\/section>\n\t\t\t\t<section class=\"elementor-section elementor-inner-section elementor-element elementor-element-be5cca8 elementor-reverse-mobile elementor-section-boxed elementor-section-height-default elementor-section-height-default shadepro-adv-gradient-no shadepro-sticky-no\" data-id=\"be5cca8\" data-element_type=\"section\" data-e-type=\"section\" data-settings=\"{&quot;shadepro_sticky&quot;:&quot;no&quot;}\">\n\t\t\t\t\t\t<div class=\"elementor-container elementor-column-gap-default\">\n\t\t\t\t\t<div class=\"elementor-column elementor-col-100 elementor-inner-column elementor-element elementor-element-d333a05\" data-id=\"d333a05\" data-element_type=\"column\" data-e-type=\"column\">\n\t\t\t<div class=\"elementor-widget-wrap elementor-element-populated\">\n\t\t\t\t\t\t<div class=\"elementor-element elementor-element-04232a4 shadepro-sticky-no elementor-widget elementor-widget-heading\" data-id=\"04232a4\" data-element_type=\"widget\" data-e-type=\"widget\" data-settings=\"{&quot;shadepro_sticky&quot;:&quot;no&quot;}\" data-widget_type=\"heading.default\">\n\t\t\t\t<div class=\"elementor-widget-container\">\n\t\t\t\t\t<h2 class=\"elementor-heading-title elementor-size-default\">Naj\u010de\u0161\u0107a pitanja<\/h2>\t\t\t\t<\/div>\n\t\t\t\t<\/div>\n\t\t\t\t<div class=\"elementor-element elementor-element-1bb552f shadepro-sticky-no elementor-widget elementor-widget-spacer\" data-id=\"1bb552f\" data-element_type=\"widget\" data-e-type=\"widget\" data-settings=\"{&quot;shadepro_sticky&quot;:&quot;no&quot;}\" data-widget_type=\"spacer.default\">\n\t\t\t\t<div class=\"elementor-widget-container\">\n\t\t\t\t\t\t\t<div class=\"elementor-spacer\">\n\t\t\t<div class=\"elementor-spacer-inner\"><\/div>\n\t\t<\/div>\n\t\t\t\t\t\t<\/div>\n\t\t\t\t<\/div>\n\t\t\t\t\t<\/div>\n\t\t<\/div>\n\t\t\t\t\t<\/div>\n\t\t<\/section>\n\t\t\t\t<div class=\"elementor-element elementor-element-e0bdf3f elementor-widget__width-initial elementor-absolute shadepro-sticky-no elementor-widget elementor-widget-image\" data-id=\"e0bdf3f\" data-element_type=\"widget\" data-e-type=\"widget\" data-settings=\"{&quot;_position&quot;:&quot;absolute&quot;,&quot;shadepro_sticky&quot;:&quot;no&quot;}\" data-widget_type=\"image.default\">\n\t\t\t\t<div class=\"elementor-widget-container\">\n\t\t\t\t\t\t\t\t\t\t\t\t\t\t\t<img decoding=\"async\" src=\"https:\/\/www.fastorderr.com\/wp-content\/uploads\/2021\/08\/Wave-gray.svg\" class=\"attachment-full size-full wp-image-3739\" alt=\"\" \/>\t\t\t\t\t\t\t\t\t\t\t\t\t\t\t<\/div>\n\t\t\t\t<\/div>\n\t\t\t\t\t<\/div>\n\t\t<\/div>\n\t\t\t\t\t<\/div>\n\t\t<\/section>\n\t\t\t\t<section class=\"elementor-section elementor-top-section elementor-element elementor-element-967e354 elementor-section-stretched elementor-section-boxed elementor-section-height-default elementor-section-height-default shadepro-adv-gradient-no shadepro-sticky-no\" data-id=\"967e354\" data-element_type=\"section\" data-e-type=\"section\" data-settings=\"{&quot;stretch_section&quot;:&quot;section-stretched&quot;,&quot;background_background&quot;:&quot;classic&quot;,&quot;shadepro_sticky&quot;:&quot;no&quot;}\">\n\t\t\t\t\t\t<div class=\"elementor-container elementor-column-gap-default\">\n\t\t\t\t\t<div class=\"elementor-column elementor-col-100 elementor-top-column elementor-element elementor-element-3b5de47\" data-id=\"3b5de47\" data-element_type=\"column\" data-e-type=\"column\">\n\t\t\t<div class=\"elementor-widget-wrap elementor-element-populated\">\n\t\t\t\t\t\t<section class=\"elementor-section elementor-inner-section elementor-element elementor-element-9bdf79f elementor-section-boxed elementor-section-height-default elementor-section-height-default shadepro-adv-gradient-no shadepro-sticky-no\" data-id=\"9bdf79f\" data-element_type=\"section\" data-e-type=\"section\" data-settings=\"{&quot;shadepro_sticky&quot;:&quot;no&quot;}\">\n\t\t\t\t\t\t<div class=\"elementor-container elementor-column-gap-default\">\n\t\t\t\t\t<div class=\"elementor-column elementor-col-100 elementor-inner-column elementor-element elementor-element-c6fb419\" data-id=\"c6fb419\" data-element_type=\"column\" data-e-type=\"column\">\n\t\t\t<div class=\"elementor-widget-wrap elementor-element-populated\">\n\t\t\t\t\t\t<div class=\"elementor-element elementor-element-16534c0 shadepro-sticky-no elementor-widget elementor-widget-shadepro-accordion\" data-id=\"16534c0\" data-element_type=\"widget\" data-e-type=\"widget\" data-settings=\"{&quot;shadepro_sticky&quot;:&quot;no&quot;}\" data-widget_type=\"shadepro-accordion.default\">\n\t\t\t\t<div class=\"elementor-widget-container\">\n\t\t\t\t\t<div class=\"shadepro-accordion-items\"><div class=\"shadepro-accordion-single-item yes  elementor-repeater-item-6363cff\"><div class=\"shadepro-accordion-title active-default\"><h3 class=\"shadepro-accordion-heading\">\u0160ta ako gost ne \u017eeli sam naru\u010diti ili nema mobitel?<\/h3><div class=\"shadepro-active-inactive-icon\"><span class=\"shadepro-active-icon\"><i aria-hidden=\"true\" class=\"fas fa-angle-up\"><\/i><\/span><span class=\"shadepro-inactive-icon\"><i aria-hidden=\"true\" class=\"fas fa-angle-down\"><\/i><\/span><\/div><\/div><div class=\"shadepro-accordion-content\"><div class=\"shadepro-accordion-content-wrapper has-image-no image-position-right\"><div class=\"shadepro-accordion-text\"><div><p>U tom slu\u010daju konobar mo\u017ee na svom pametnom ure\u0111aju naru\u010diti umjesto gosta.<\/p><\/div><\/div><\/div><\/div><\/div><div class=\"shadepro-accordion-single-item no  elementor-repeater-item-073c88e\"><div class=\"shadepro-accordion-title\"><h3 class=\"shadepro-accordion-heading\">Na kom jeziku gost mo\u017ee naru\u010diti?<\/h3><div class=\"shadepro-active-inactive-icon\"><span class=\"shadepro-active-icon\"><i aria-hidden=\"true\" class=\"fas fa-angle-up\"><\/i><\/span><span class=\"shadepro-inactive-icon\"><i aria-hidden=\"true\" class=\"fas fa-angle-down\"><\/i><\/span><\/div><\/div><div class=\"shadepro-accordion-content\"><div class=\"shadepro-accordion-content-wrapper has-image-no image-position-right\"><div class=\"shadepro-accordion-text\"><div><p>Gost mo\u017ee izabrati jezik na kojem \u017eeli naru\u010diti iz padaju\u0107eg menija.<\/p><\/div><\/div><\/div><\/div><\/div><div class=\"shadepro-accordion-single-item no  elementor-repeater-item-384aaeb\"><div class=\"shadepro-accordion-title\"><h3 class=\"shadepro-accordion-heading\">Na kojem jeziku konobar, bar i kuhinja primaju narud\u017ebu gosta?<\/h3><div class=\"shadepro-active-inactive-icon\"><span class=\"shadepro-active-icon\"><i aria-hidden=\"true\" class=\"fas fa-angle-up\"><\/i><\/span><span class=\"shadepro-inactive-icon\"><i aria-hidden=\"true\" class=\"fas fa-angle-down\"><\/i><\/span><\/div><\/div><div class=\"shadepro-accordion-content\"><div class=\"shadepro-accordion-content-wrapper has-image-no image-position-right\"><div class=\"shadepro-accordion-text\"><div><p>Narud\u017ebu gosta primaju na jeziku koji su sami izabrali (na svom materinjem jeziku).<\/p><\/div><\/div><\/div><\/div><\/div><div class=\"shadepro-accordion-single-item no  elementor-repeater-item-a95f279\"><div class=\"shadepro-accordion-title\"><h3 class=\"shadepro-accordion-heading\">Ukoliko gost ima pitanje, na koji se na\u010din mo\u017ee obratiti konobaru?<\/h3><div class=\"shadepro-active-inactive-icon\"><span class=\"shadepro-active-icon\"><i aria-hidden=\"true\" class=\"fas fa-angle-up\"><\/i><\/span><span class=\"shadepro-inactive-icon\"><i aria-hidden=\"true\" class=\"fas fa-angle-down\"><\/i><\/span><\/div><\/div><div class=\"shadepro-accordion-content\"><div class=\"shadepro-accordion-content-wrapper has-image-no image-position-right\"><div class=\"shadepro-accordion-text\"><div><p>Postoji opcija pozivanja konobara.<\/p><\/div><\/div><\/div><\/div><\/div><div class=\"shadepro-accordion-single-item no  elementor-repeater-item-73f685e\"><div class=\"shadepro-accordion-title\"><h3 class=\"shadepro-accordion-heading\">Mo\u017ee li netko vidjeti narud\u017ebu gosta (je li privatnost gosta ugro\u017eena)?<\/h3><div class=\"shadepro-active-inactive-icon\"><span class=\"shadepro-active-icon\"><i aria-hidden=\"true\" class=\"fas fa-angle-up\"><\/i><\/span><span class=\"shadepro-inactive-icon\"><i aria-hidden=\"true\" class=\"fas fa-angle-down\"><\/i><\/span><\/div><\/div><div class=\"shadepro-accordion-content\"><div class=\"shadepro-accordion-content-wrapper has-image-no image-position-right\"><div class=\"shadepro-accordion-text\"><div><p>Nitko, osim osoblja ugostiteljskog objekta, nema uvid u narud\u017ebu gosta.<\/p><\/div><\/div><\/div><\/div><\/div><div class=\"shadepro-accordion-single-item no  elementor-repeater-item-2eeeade\"><div class=\"shadepro-accordion-title\"><h3 class=\"shadepro-accordion-heading\">U situaciji kad vi\u0161e ljudi naru\u010duje zajedno na jednom stolu, mo\u017ee li svatko platiti samo svoj ra\u010dun?<\/h3><div class=\"shadepro-active-inactive-icon\"><span class=\"shadepro-active-icon\"><i aria-hidden=\"true\" class=\"fas fa-angle-up\"><\/i><\/span><span class=\"shadepro-inactive-icon\"><i aria-hidden=\"true\" class=\"fas fa-angle-down\"><\/i><\/span><\/div><\/div><div class=\"shadepro-accordion-content\"><div class=\"shadepro-accordion-content-wrapper has-image-no image-position-right\"><div class=\"shadepro-accordion-text\"><div><p>Svaki gost mo\u017ee samostalno naru\u010divati i platiti svoj ra\u010dun.<\/p><\/div><\/div><\/div><\/div><\/div><div class=\"shadepro-accordion-single-item no  elementor-repeater-item-1574c29\"><div class=\"shadepro-accordion-title\"><h3 class=\"shadepro-accordion-heading\">Kako gost zna da je njegova narud\u017eba primljena i da se priprema?<\/h3><div class=\"shadepro-active-inactive-icon\"><span class=\"shadepro-active-icon\"><i aria-hidden=\"true\" class=\"fas fa-angle-up\"><\/i><\/span><span class=\"shadepro-inactive-icon\"><i aria-hidden=\"true\" class=\"fas fa-angle-down\"><\/i><\/span><\/div><\/div><div class=\"shadepro-accordion-content\"><div class=\"shadepro-accordion-content-wrapper has-image-no image-position-right\"><div class=\"shadepro-accordion-text\"><div><p>Na svom ure\u0111aju gost mo\u017ee pratiti status svoje narud\u017ebe od trenutka naru\u010divanja do isporuke.<\/p><\/div><\/div><\/div><\/div><\/div><\/div>\t\t\t\t<\/div>\n\t\t\t\t<\/div>\n\t\t\t\t\t<\/div>\n\t\t<\/div>\n\t\t\t\t\t<\/div>\n\t\t<\/section>\n\t\t\t\t\t<\/div>\n\t\t<\/div>\n\t\t\t\t\t<\/div>\n\t\t<\/section>\n\t\t\t\t<\/div>\n\t\t","protected":false},"excerpt":{"rendered":"<p>Naslovna \u010cesta pitanja Kontakt Naj\u010de\u0161\u0107a pitanja \u0160ta ako gost ne \u017eeli sam naru\u010diti ili nema mobitel? U tom slu\u010daju konobar mo\u017ee na svom pametnom ure\u0111aju naru\u010diti umjesto gosta. Na kom jeziku gost mo\u017ee naru\u010diti? Gost mo\u017ee izabrati jezik na kojem \u017eeli naru\u010diti iz padaju\u0107eg menija. Na kojem jeziku konobar, bar i kuhinja primaju narud\u017ebu gosta? [&hellip;]<\/p>\n","protected":false},"author":1,"featured_media":0,"parent":0,"menu_order":0,"comment_status":"closed","ping_status":"closed","template":"page-templates\/template-page-builder.php","meta":{"_acf_changed":false,"iawp_total_views":2,"footnotes":""},"class_list":["post-4021","page","type-page","status-publish","hentry"],"acf":[],"_links":{"self":[{"href":"https:\/\/www.fastorderr.com\/hr\/wp-json\/wp\/v2\/pages\/4021","targetHints":{"allow":["GET"]}}],"collection":[{"href":"https:\/\/www.fastorderr.com\/hr\/wp-json\/wp\/v2\/pages"}],"about":[{"href":"https:\/\/www.fastorderr.com\/hr\/wp-json\/wp\/v2\/types\/page"}],"author":[{"embeddable":true,"href":"https:\/\/www.fastorderr.com\/hr\/wp-json\/wp\/v2\/users\/1"}],"replies":[{"embeddable":true,"href":"https:\/\/www.fastorderr.com\/hr\/wp-json\/wp\/v2\/comments?post=4021"}],"version-history":[{"count":7,"href":"https:\/\/www.fastorderr.com\/hr\/wp-json\/wp\/v2\/pages\/4021\/revisions"}],"predecessor-version":[{"id":4116,"href":"https:\/\/www.fastorderr.com\/hr\/wp-json\/wp\/v2\/pages\/4021\/revisions\/4116"}],"wp:attachment":[{"href":"https:\/\/www.fastorderr.com\/hr\/wp-json\/wp\/v2\/media?parent=4021"}],"curies":[{"name":"wp","href":"https:\/\/api.w.org\/{rel}","templated":true}]}}